{"id":5402,"date":"2019-01-27T17:20:29","date_gmt":"2019-01-27T16:20:29","guid":{"rendered":"http:\/\/www.edoardotomasi.it\/?page_id=3"},"modified":"2019-01-27T17:20:29","modified_gmt":"2019-01-27T16:20:29","slug":"privacy-policy-2","status":"publish","type":"page","link":"https:\/\/www.edoardotomasi.it\/?page_id=5402","title":{"rendered":"Informativa Privacy e Cookie"},"content":{"rendered":"\n<h3 class=\"wp-block-heading\">Chi sono<\/h3>\n\n\n\n<p><strong>Proprietario<\/strong>: Edoardo Tomasi<br><strong>Sito<\/strong>: https:\/\/www.edoardotomasi.it<\/p>\n\n\n\n<h3 class=\"wp-block-heading\">Quali dati personali raccogliamo e perch\u00e9 li raccogliamo?<\/h3>\n\n\n\n<h4 class=\"wp-block-heading\">Cookie<\/h4>\n\n\n\n<p>Questo sito web utilizza i cookie, file di testo depositati sul computer (tablet, smartphone, notebook) degli utenti, per raccogliere e analizzare&nbsp;<strong>in forma anonima e aggregata<\/strong>&nbsp;informazioni sui loro comportamenti di navigazione. Attraverso i cookie otteniamo dati sull\u2019uso del sito, monitora le sessioni &nbsp;e consente l\u2019accesso autenticato in alcune aree. Senza l\u2019uso dei cookie alcune operazioni sarebbero impossibili da eseguire. I cookie in uso su questo sito non consentono la raccolta di informazioni personali, non collegano l\u2019indirizzo IP dell\u2019utente alla sua identit\u00e0 e non hanno fini pubblicitari o di marketing, anche quando sono gestiti da siti esterni.<\/p>\n\n\n\n<h4 class=\"wp-block-heading\">Commenti<\/h4>\n\n\n\n<p>Quando lasciate commenti sul sito, raccogliamo i dati mostrati nel modulo dei commenti oltre all Vostro indirizzo IP e la stringa dello user agent del browser per facilitare il rilevamento dello spam. Una stringa anonimizzata creata a partire dal Vostro indirizzo email (altrimenti detta hash) pu\u00f2 essere fornita al servizio Gravatar per vedere se lo state usando. La privacy policy del servizio Gravatar \u00e8 disponibile qui: https:\/\/automattic.com\/privacy\/.<\/p>\n\n\n\n<p>Se lasci un\ncommento, il commento e i relativi metadati vengono conservati a tempo\nindeterminato. \u00c8 cos\u00ec che possiamo riconoscere e approvare automaticamente\neventuali commenti successivi invece di tenerli in una coda di moderazione.<\/p>\n\n\n\n<h4 class=\"wp-block-heading\">Quali diritti hai sui tuoi dati?<\/h4>\n\n\n\n<p>Se hai un account su questo sito, o hai lasciato commenti, puoi richiedere di ricevere un file esportato dal sito con i dati personali che abbiamo su di te, compresi i dati che ci hai fornito. Puoi anche richiedere che cancelliamo tutti i dati personali che ti riguardano. Questo non include i dati che siamo obbligati a conservare per scopi amministrativi, legali o di sicurezza.<\/p>\n\n\n\n<h3 class=\"wp-block-heading\">Google Analytics<\/h3>\n\n\n\n<p>Questo sito web utilizza Google Analytics, un servizio di analisi web fornito da Google, Inc. (\u201cGoogle\u201d). Google Analytics utilizza i \u201ccookies\u201d, file di testo depositati sul Vostro computer per consentire di raccogliere e analizzare in forma anonima le informazioni sui comportamenti di utlizzo del sito www.edoardotomasi.it da parte Vostra (compreso il Vostro indirizzo IP). Tali informazioni vengono trasmesse a Google il quale le elabora allo scopo di redigere report riguardanti le Vostre attivit\u00e0 sul sito web stesso. Questo sito non utilizza (e non consente a terzi di utilizzare) lo strumento di analisi di Google per monitorare o per raccogliere le Vostre informazioni personali di identificazione. Google non associa il vostro indirizzo IP a nessun altro dato posseduto da Google n\u00e8 cerca di collegare un indirizzo IP con l\u2019identit\u00e0 di un utente di computer. Google pu\u00f2 anche trasferire queste informazioni a terzi ove ci\u00f2 sia imposto dalla legge o laddove tali terzi trattino le suddette informazioni per conto di Google. Potete rifiutarvi di usare i cookies selezionando l\u2019impostazione appropriata sul vostro browser, ma ci\u00f2 potrebbe impedirvi di utilizzare tutte le funzionalit\u00e0 di questo sito web. Utilizzando il sito www.edoardotomasi.it Voi acconsentite al trattamento dei Vostri dati da parte di Google per le modalit\u00e0 e i fini sopraindicati.<\/p>\n\n\n\n<p>Per domande in merito alla <strong>Informativa Privacy e Cookie<\/strong>:<br>info@edoardotomasi.it<\/p>\n\n\n\n<p><\/p>\n","protected":false},"excerpt":{"rendered":"<p>Chi sono Proprietario: Edoardo TomasiSito: https:\/\/www.edoardotomasi.it Quali dati personali raccogliamo e perch\u00e9 li raccogliamo? Cookie Questo sito web utilizza i cookie, file di testo depositati sul computer (tablet, smartphone, notebook) degli utenti, per raccogliere e analizzare&nbsp;in forma anonima e aggregata&nbsp;informazioni sui loro comportamenti di navigazione. Attraverso i cookie otteniamo dati sull\u2019uso del sito, monitora le [&hellip;]<\/p>\n","protected":false},"author":1,"featured_media":0,"parent":0,"menu_order":0,"comment_status":"closed","ping_status":"open","template":"","meta":{"site-container-style":"default","site-container-layout":"default","site-sidebar-layout":"default","disable-article-header":"default","disable-site-header":"default","disable-site-footer":"default","disable-content-area-spacing":"default","footnotes":""},"class_list":["post-5402","page","type-page","status-publish","hentry"],"_links":{"self":[{"href":"https:\/\/www.edoardotomasi.it\/index.php?rest_route=\/wp\/v2\/pages\/5402","targetHints":{"allow":["GET"]}}],"collection":[{"href":"https:\/\/www.edoardotomasi.it\/index.php?rest_route=\/wp\/v2\/pages"}],"about":[{"href":"https:\/\/www.edoardotomasi.it\/index.php?rest_route=\/wp\/v2\/types\/page"}],"author":[{"embeddable":true,"href":"https:\/\/www.edoardotomasi.it\/index.php?rest_route=\/wp\/v2\/users\/1"}],"replies":[{"embeddable":true,"href":"https:\/\/www.edoardotomasi.it\/index.php?rest_route=%2Fwp%2Fv2%2Fcomments&post=5402"}],"version-history":[{"count":0,"href":"https:\/\/www.edoardotomasi.it\/index.php?rest_route=\/wp\/v2\/pages\/5402\/revisions"}],"wp:attachment":[{"href":"https:\/\/www.edoardotomasi.it\/index.php?rest_route=%2Fwp%2Fv2%2Fmedia&parent=5402"}],"curies":[{"name":"wp","href":"https:\/\/api.w.org\/{rel}","templated":true}]}}